{"id":2,"date":"2012-03-01T19:25:16","date_gmt":"2012-03-01T17:25:16","guid":{"rendered":"http:\/\/hovinet.com\/wordpress\/?page_id=2"},"modified":"2022-07-17T23:00:44","modified_gmt":"2022-07-17T21:00:44","slug":"about","status":"publish","type":"page","link":"https:\/\/hovinet.com\/?page_id=2","title":{"rendered":"About"},"content":{"rendered":"<h1><\/h1>\n<p><strong>HOViNET films<\/strong> was founded July 24th 2002.<br \/>\nLater that same year the name was changed to &#8216;HOViNET team&#8217;<br \/>\nand 2010 to &#8216;HOViNET.com&#8217;<\/p>\n<p><strong>Founders:<\/strong><br \/>\nSandm\u00e4nchen, Blaitteri, Erythron<\/p>\n<p><strong>Visiting members:\u00a0<\/strong><br \/>\nJonesman, Artsi, Fol, Ketkupolkka, H\u00f6p\u00f6, Viinikan Vivalti,\u00a0\u00d6tysiini Yhtye, etc.<\/p>\n<p><strong>Voice actors: <\/strong><br \/>\nM.Majanoja, H.Persson, E.A.Kaukiainen, Luuranko, K.F-Kovacs, PetroP, Pyh\u00e4 Maito Palvaaja, Huojuva Torni, TheQ, Lord-Makkara, Pikku-Okku a.k.a Oskari-Maisteri, the legoman from Imatra = Awis, Heguli, T.M\u00e4\u00e4tt\u00e4nen, Humbadumba, and many more.<\/p>\n<h1>Contact<\/h1>\n<p><strong>Email: <\/strong><br \/>\nadmin(a)hovinet.com but we&#8217;d prefer you to write in our guestbook, please.<\/p>\n<p><strong>After 2014 we have abandoned animations and moved on to MOC -building and AFOL -culture.<br \/>\nYou can follow us on:<br \/>\n<\/strong>Discord:\u00a0<a href=\"https:\/\/discord.gg\/B5B9RJhF\">https:\/\/discord.gg\/B5B9RJhF<\/a><br \/>\nPalikkatakomo RY:\u00a0<a href=\"http:\/\/www.palikkatakomo.org\">http:\/\/www.palikkatakomo.org<\/a><br \/>\nFacebook:\u00a0<a href=\"https:\/\/www.facebook.com\/groups\/palikkatakomo\">https:\/\/www.facebook.com\/groups\/palikkatakomo<\/a><br \/>\nInstagram:\u00a0<a href=\"https:\/\/www.instagram.com\/erythron\/?hl=fi\">https:\/\/www.instagram.com\/erythron\/?hl=fi<\/a><\/p>\n<p><!--\nhttp:\/\/www.hovinet.com\/kotisivut\/\n--><\/p>\n<h1>Legal-jargon<\/h1>\n<p>HOViNET.com have no affiliation with the LEGO Company, and do not make any profit out of this project. All LEGO-animations are for personal use only and should not be redistributed or changed without permission. LEGO, is a trademark of the LEGO Group of companies which does not sponsor, authorize or endorse this site. Read the <a href=\"http:\/\/www.lego.com\/eng\/info\/fairplay.asp\" target=\"_blank\" rel=\"noopener\">full heavy latin<\/a> from LEGO for more details.<\/p>\n<h1>Usein kysyttyj\u00e4 kysymyksi\u00e4:<\/h1>\n<p><em>(sorry, this isn&#8217;t available in english)<\/em><\/p>\n<h2>Mik\u00e4 on HOViNET?<\/h2>\n<p>HOViNET on kolmen veljeksen perustama harrastajaryhm\u00e4, joka teki LEGO-animaatioita stop-motion -tekniikalla.<br \/>\nRyhm\u00e4n nimi taas on per\u00e4isin 1990-luvun kotiverkosta (LAN), joka sijaitsi Hovi-nimisell\u00e4 maatilalla.<\/p>\n<h2>LEGO-animaatioita?<\/h2>\n<p>Niin. Stop-motion -animaatioita voi tehd\u00e4 vahasta, pienoismalleista, nukeista, piirustuksista tai vaikkapa sitten n\u00e4ist\u00e4 tunnetuista tanskalaisista LEGO-palikoista&#8230;<br \/>\nHarrastus se t\u00e4m\u00e4kin on ja viel\u00e4p\u00e4 eritt\u00e4in haastava ja kehitt\u00e4v\u00e4, eik\u00e4 v\u00e4ltt\u00e4m\u00e4tt\u00e4 sovi nykyajan ADHD-lapsille tai yleens\u00e4k\u00e4\u00e4n kovin nuorille, kokemus on osoittanut, ett\u00e4 n. 12 vuoden i\u00e4st\u00e4 yl\u00f6sp\u00e4in n\u00e4m\u00e4 hommat alkavat sujua.<\/p>\n<h2>&#8230;mutta teh\u00e4n olette aikuisia?<\/h2>\n<p>Kyll\u00e4, HOViNET teamin j\u00e4senet ovat kaikki aikuisia. LEGOja harrastavat aikuiset (AFOLs) ja heid\u00e4n teoksiaan l\u00f6yd\u00e4t helposti Internetin videopalveluista.<\/p>\n<h2>No, miten te teitte animaatioita?<\/h2>\n<p>Lyhyesti voi sanoa, ett\u00e4 ensin on jokin idea, sitten rakennetaan LEGO-palikoista lavasteet ja n\u00e4yttelij\u00e4t ja aloitetaan kuvaaminen. Saadut kuvat kootaan tietokoneella animaatioksi ja tuotos julkaistaan esim. YouTubessa.<\/p>\n<h2>Mit\u00e4 ohjelmia k\u00e4ytitte editointiin?<\/h2>\n<p>&#8211; Adobe Photoshop &#8211; kuvien k\u00e4sittely tarvittaessa<br \/>\n&#8211; Adobe Premiere &#8211; varsinainen video-editointi<br \/>\n&#8211; Adobe Audition &#8211; \u00e4\u00e4niraidan k\u00e4sittely ja puheiden nauhoitus<\/p>\n<h2>Milloin se KastleVania 4 valmistuu?<\/h2>\n<p>T\u00e4m\u00e4n kysymyksen olemme kuulleet liian monesti, mutta onneksi se kaikki on jo historiaa.<br \/>\nKastleVanian kuvaukset alkoivat 6\/2005 ja loppuivat 12\/2009 ja teos oli vuosien ajan j\u00e4lkituotannossa eli editoitavana.<br \/>\nElokuva valmistui 11\/2012 ja sen DVD julkaistiin 12\/2012 ja YouTubessa leffa on ollut katsottavissa aina tammikuusta 2013 alkaen.<\/p>\n<h2>Kuinka paljon teill\u00e4 on LEGO-palikoita?<\/h2>\n<p>Emme ole ihan varmoja kappalem\u00e4\u00e4r\u00e4st\u00e4, mutta sellainen 40 neli\u00f6n harrastustila on t\u00e4ynn\u00e4 niit\u00e4.<\/p>\n","protected":false},"excerpt":{"rendered":"<p>HOViNET films was founded July 24th 2002. Later that same year the name was changed to &#8216;HOViNET team&#8217; and 2010 to &#8216;HOViNET.com&#8217; Founders: Sandm\u00e4nchen, Blaitteri, Erythron Visiting members:\u00a0 Jonesman, Artsi, Fol, Ketkupolkka, H\u00f6p\u00f6, Viinikan Vivalti,\u00a0\u00d6tysiini Yhtye, etc. Voice actors: M.Majanoja, H.Persson, E.A.Kaukiainen, Luuranko, K.F-Kovacs, PetroP, Pyh\u00e4 Maito Palvaaja, Huojuva Torni, TheQ, Lord-Makkara, Pikku-Okku a.k.a Oskari-Maisteri, &hellip; <\/p>\n<p><a class=\"more-link btn\" href=\"https:\/\/hovinet.com\/?page_id=2\">Continue reading<\/a><\/p>\n","protected":false},"author":1,"featured_media":0,"parent":0,"menu_order":0,"comment_status":"closed","ping_status":"closed","template":"","meta":{"footnotes":""},"class_list":["post-2","page","type-page","status-publish","hentry","nodate","item-wrap"],"_links":{"self":[{"href":"https:\/\/hovinet.com\/index.php?rest_route=\/wp\/v2\/pages\/2","targetHints":{"allow":["GET"]}}],"collection":[{"href":"https:\/\/hovinet.com\/index.php?rest_route=\/wp\/v2\/pages"}],"about":[{"href":"https:\/\/hovinet.com\/index.php?rest_route=\/wp\/v2\/types\/page"}],"author":[{"embeddable":true,"href":"https:\/\/hovinet.com\/index.php?rest_route=\/wp\/v2\/users\/1"}],"replies":[{"embeddable":true,"href":"https:\/\/hovinet.com\/index.php?rest_route=%2Fwp%2Fv2%2Fcomments&post=2"}],"version-history":[{"count":36,"href":"https:\/\/hovinet.com\/index.php?rest_route=\/wp\/v2\/pages\/2\/revisions"}],"predecessor-version":[{"id":588,"href":"https:\/\/hovinet.com\/index.php?rest_route=\/wp\/v2\/pages\/2\/revisions\/588"}],"wp:attachment":[{"href":"https:\/\/hovinet.com\/index.php?rest_route=%2Fwp%2Fv2%2Fmedia&parent=2"}],"curies":[{"name":"wp","href":"https:\/\/api.w.org\/{rel}","templated":true}]}}